{"id":375,"date":"2018-02-04T20:55:22","date_gmt":"2018-02-04T19:55:22","guid":{"rendered":"http:\/\/sebastiankalicinski.pl\/?page_id=375"},"modified":"2024-03-12T19:17:51","modified_gmt":"2024-03-12T18:17:51","slug":"galeria","status":"publish","type":"page","link":"https:\/\/sebastiankalicinski.pl\/index.php\/galeria\/","title":{"rendered":"Galeria"},"content":{"rendered":"<p>[vc_row full_width=&#8221;stretch_row_content&#8221; full_height=&#8221;yes&#8221; content_placement=&#8221;middle&#8221;][vc_column offset=&#8221;vc_col-xs-12&#8243;][vc_gallery type=&#8221;image_grid&#8221; images=&#8221;475,474,466,508,476,509,522,507,523,473,467,468,469,511,512,519,520,517,518,516,515,463,524,525,505,514,447,510,444,526,437,465,105,356,521&#8243; img_size=&#8221;300&#215;200&#8243;][\/vc_column][\/vc_row]<\/p>\n","protected":false},"excerpt":{"rendered":"<p>[vc_row full_width=&#8221;stretch_row_content&#8221; full_height=&#8221;yes&#8221; content_placement=&#8221;middle&#8221;][vc_column offset=&#8221;vc_col-xs-12&#8243;][vc_gallery type=&#8221;image_grid&#8221; images=&#8221;475,474,466,508,476,509,522,507,523,473,467,468,469,511,512,519,520,517,518,516,515,463,524,525,505,514,447,510,444,526,437,465,105,356,521&#8243; img_size=&#8221;300&#215;200&#8243;][\/vc_column][\/vc_row]<\/p>\n","protected":false},"author":1,"featured_media":0,"parent":0,"menu_order":0,"comment_status":"closed","ping_status":"closed","template":"","meta":{"_exactmetrics_skip_tracking":false,"_exactmetrics_sitenote_active":false,"_exactmetrics_sitenote_note":"","_exactmetrics_sitenote_category":0,"footnotes":""},"yoast_head":"<!-- This site is optimized with the Yoast SEO plugin v23.5 - https:\/\/yoast.com\/wordpress\/plugins\/seo\/ -->\n<title>Wycieczki firmowe oraz szkolne do Budapesztu, pe\u0142na organizacja<\/title>\n<meta name=\"description\" content=\"Oferuj\u0119 kompleksowe us\u0142ugi pilota\u017cowe i pomoc w rezerwacji hoteli i restauracji na W\u0119grzech, w Czechach oraz bezprzewodowy system nag\u0142o\u015bnienia Okayo WT-300n\" \/>\n<meta name=\"robots\" content=\"index, follow, max-snippet:-1, max-image-preview:large, max-video-preview:-1\" \/>\n<link rel=\"canonical\" href=\"https:\/\/sebastiankalicinski.pl\/index.php\/galeria\/\" \/>\n<meta property=\"og:locale\" content=\"pl_PL\" \/>\n<meta property=\"og:type\" content=\"article\" \/>\n<meta property=\"og:title\" content=\"Tour Guide Okayo WT 300n\" \/>\n<meta property=\"og:description\" content=\"Oferuj\u0119 kompleksowe us\u0142ugi pilota\u017cowe i pomoc w rezerwacji hoteli i restauracji na W\u0119grzech, w Czechach oraz bezprzewodowy system nag\u0142o\u015bnienia Okayo WT-300n\" \/>\n<meta property=\"og:url\" content=\"https:\/\/sebastiankalicinski.pl\/index.php\/galeria\/\" \/>\n<meta property=\"og:site_name\" content=\"Sebastian Kalici\u0144ski\" \/>\n<meta property=\"article:publisher\" content=\"https:\/\/www.facebook.com\/sebastiankalicinskipilotwycieczek\/\" \/>\n<meta property=\"article:modified_time\" content=\"2024-03-12T18:17:51+00:00\" \/>\n<meta name=\"twitter:card\" content=\"summary_large_image\" \/>\n<script type=\"application\/ld+json\" class=\"yoast-schema-graph\">{\"@context\":\"https:\/\/schema.org\",\"@graph\":[{\"@type\":\"WebPage\",\"@id\":\"https:\/\/sebastiankalicinski.pl\/index.php\/galeria\/\",\"url\":\"https:\/\/sebastiankalicinski.pl\/index.php\/galeria\/\",\"name\":\"Wycieczki firmowe oraz szkolne do Budapesztu, pe\u0142na organizacja\",\"isPartOf\":{\"@id\":\"https:\/\/sebastiankalicinski.pl\/#website\"},\"datePublished\":\"2018-02-04T19:55:22+00:00\",\"dateModified\":\"2024-03-12T18:17:51+00:00\",\"description\":\"Oferuj\u0119 kompleksowe us\u0142ugi pilota\u017cowe i pomoc w rezerwacji hoteli i restauracji na W\u0119grzech, w Czechach oraz bezprzewodowy system nag\u0142o\u015bnienia Okayo WT-300n\",\"breadcrumb\":{\"@id\":\"https:\/\/sebastiankalicinski.pl\/index.php\/galeria\/#breadcrumb\"},\"inLanguage\":\"pl-PL\",\"potentialAction\":[{\"@type\":\"ReadAction\",\"target\":[\"https:\/\/sebastiankalicinski.pl\/index.php\/galeria\/\"]}]},{\"@type\":\"BreadcrumbList\",\"@id\":\"https:\/\/sebastiankalicinski.pl\/index.php\/galeria\/#breadcrumb\",\"itemListElement\":[{\"@type\":\"ListItem\",\"position\":1,\"name\":\"Strona g\u0142\u00f3wna\",\"item\":\"https:\/\/sebastiankalicinski.pl\/\"},{\"@type\":\"ListItem\",\"position\":2,\"name\":\"Galeria\"}]},{\"@type\":\"WebSite\",\"@id\":\"https:\/\/sebastiankalicinski.pl\/#website\",\"url\":\"https:\/\/sebastiankalicinski.pl\/\",\"name\":\"Pilot Wycieczek Sebastian Kalici\u0144ski\",\"description\":\"Pilot Wycieczek\",\"potentialAction\":[{\"@type\":\"SearchAction\",\"target\":{\"@type\":\"EntryPoint\",\"urlTemplate\":\"https:\/\/sebastiankalicinski.pl\/?s={search_term_string}\"},\"query-input\":{\"@type\":\"PropertyValueSpecification\",\"valueRequired\":true,\"valueName\":\"search_term_string\"}}],\"inLanguage\":\"pl-PL\"}]}<\/script>\n<!-- \/ Yoast SEO plugin. -->","yoast_head_json":{"title":"Wycieczki firmowe oraz szkolne do Budapesztu, pe\u0142na organizacja","description":"Oferuj\u0119 kompleksowe us\u0142ugi pilota\u017cowe i pomoc w rezerwacji hoteli i restauracji na W\u0119grzech, w Czechach oraz bezprzewodowy system nag\u0142o\u015bnienia Okayo WT-300n","robots":{"index":"index","follow":"follow","max-snippet":"max-snippet:-1","max-image-preview":"max-image-preview:large","max-video-preview":"max-video-preview:-1"},"canonical":"https:\/\/sebastiankalicinski.pl\/index.php\/galeria\/","og_locale":"pl_PL","og_type":"article","og_title":"Tour Guide Okayo WT 300n","og_description":"Oferuj\u0119 kompleksowe us\u0142ugi pilota\u017cowe i pomoc w rezerwacji hoteli i restauracji na W\u0119grzech, w Czechach oraz bezprzewodowy system nag\u0142o\u015bnienia Okayo WT-300n","og_url":"https:\/\/sebastiankalicinski.pl\/index.php\/galeria\/","og_site_name":"Sebastian Kalici\u0144ski","article_publisher":"https:\/\/www.facebook.com\/sebastiankalicinskipilotwycieczek\/","article_modified_time":"2024-03-12T18:17:51+00:00","twitter_card":"summary_large_image","schema":{"@context":"https:\/\/schema.org","@graph":[{"@type":"WebPage","@id":"https:\/\/sebastiankalicinski.pl\/index.php\/galeria\/","url":"https:\/\/sebastiankalicinski.pl\/index.php\/galeria\/","name":"Wycieczki firmowe oraz szkolne do Budapesztu, pe\u0142na organizacja","isPartOf":{"@id":"https:\/\/sebastiankalicinski.pl\/#website"},"datePublished":"2018-02-04T19:55:22+00:00","dateModified":"2024-03-12T18:17:51+00:00","description":"Oferuj\u0119 kompleksowe us\u0142ugi pilota\u017cowe i pomoc w rezerwacji hoteli i restauracji na W\u0119grzech, w Czechach oraz bezprzewodowy system nag\u0142o\u015bnienia Okayo WT-300n","breadcrumb":{"@id":"https:\/\/sebastiankalicinski.pl\/index.php\/galeria\/#breadcrumb"},"inLanguage":"pl-PL","potentialAction":[{"@type":"ReadAction","target":["https:\/\/sebastiankalicinski.pl\/index.php\/galeria\/"]}]},{"@type":"BreadcrumbList","@id":"https:\/\/sebastiankalicinski.pl\/index.php\/galeria\/#breadcrumb","itemListElement":[{"@type":"ListItem","position":1,"name":"Strona g\u0142\u00f3wna","item":"https:\/\/sebastiankalicinski.pl\/"},{"@type":"ListItem","position":2,"name":"Galeria"}]},{"@type":"WebSite","@id":"https:\/\/sebastiankalicinski.pl\/#website","url":"https:\/\/sebastiankalicinski.pl\/","name":"Pilot Wycieczek Sebastian Kalici\u0144ski","description":"Pilot Wycieczek","potentialAction":[{"@type":"SearchAction","target":{"@type":"EntryPoint","urlTemplate":"https:\/\/sebastiankalicinski.pl\/?s={search_term_string}"},"query-input":{"@type":"PropertyValueSpecification","valueRequired":true,"valueName":"search_term_string"}}],"inLanguage":"pl-PL"}]}},"_links":{"self":[{"href":"https:\/\/sebastiankalicinski.pl\/index.php\/wp-json\/wp\/v2\/pages\/375"}],"collection":[{"href":"https:\/\/sebastiankalicinski.pl\/index.php\/wp-json\/wp\/v2\/pages"}],"about":[{"href":"https:\/\/sebastiankalicinski.pl\/index.php\/wp-json\/wp\/v2\/types\/page"}],"author":[{"embeddable":true,"href":"https:\/\/sebastiankalicinski.pl\/index.php\/wp-json\/wp\/v2\/users\/1"}],"replies":[{"embeddable":true,"href":"https:\/\/sebastiankalicinski.pl\/index.php\/wp-json\/wp\/v2\/comments?post=375"}],"version-history":[{"count":30,"href":"https:\/\/sebastiankalicinski.pl\/index.php\/wp-json\/wp\/v2\/pages\/375\/revisions"}],"predecessor-version":[{"id":620,"href":"https:\/\/sebastiankalicinski.pl\/index.php\/wp-json\/wp\/v2\/pages\/375\/revisions\/620"}],"wp:attachment":[{"href":"https:\/\/sebastiankalicinski.pl\/index.php\/wp-json\/wp\/v2\/media?parent=375"}],"curies":[{"name":"wp","href":"https:\/\/api.w.org\/{rel}","templated":true}]}}