{"id":20,"date":"2017-05-09T12:06:33","date_gmt":"2017-05-09T10:06:33","guid":{"rendered":"http:\/\/sebastiankalicinski.pl\/?page_id=20"},"modified":"2019-02-10T16:52:47","modified_gmt":"2019-02-10T15:52:47","slug":"oferta","status":"publish","type":"page","link":"https:\/\/sebastiankalicinski.pl\/index.php\/oferta\/","title":{"rendered":"Oferta"},"content":{"rendered":"<p>[vc_row][vc_column][vc_column_text]<a name=\"oferta\"><\/a><br \/>\nSpecjalizuj\u0119 si\u0119 w pilotowaniu wycieczek po <strong>Polsce<\/strong>, <strong>Czechach<\/strong>, <strong>S\u0142owacji<\/strong> i <strong>W\u0119grzech<\/strong>. Ale pilotuj\u0119 tak\u017ce\u00a0 wycieczki na Ukrain\u0119, do Niemiec i Austrii oraz na Ba\u0142kany.<\/p>\n<p>W miastach takich jak <strong>Praga<\/strong>, <strong>Budapeszt, Bratys\u0142awa, Eger, Brno, O\u0142omuniec, Drezno <\/strong>czy<strong> Szentendre,<\/strong>\u00a0mog\u0119 Pa\u0144stwa oprowadzi\u0107 ze szczeg\u00f3\u0142ami, je\u015bli nie b\u0119dzie dost\u0119pny przewodnik lokalny.<\/p>\n<p>Wsp\u00f3\u0142pracuj\u0105c z wieloma Biurami Podr\u00f3\u017cy, bardzo ch\u0119tnie pomagam r\u00f3wnie\u017c w organizacji zakwaterowania i dodatkowych atrakcji.<\/p>\n<p><span style=\"text-decoration: underline;\">W ramach wzajemnej wsp\u00f3\u0142pracy opr\u00f3cz us\u0142ug pilota\u017cowych i przewodnickich\u00a0 mog\u0119 ponadto zaproponowa\u0107 Pa\u0144stwu:<\/span><\/p>\n<p>&#8211; <strong>u\u017cyczenie profesjonalnego zestawu s\u0142uchawek turystycznych tour-guide firmy Okayo, model WT-300n<\/strong> (65 sztuk plus zestaw niezb\u0119dnych akcesori\u00f3w i zasilanie);<\/p>\n<p>&#8211; <strong>us\u0142ug\u0119 polegaj\u0105c\u0105 na u\u0142o\u017ceniu programu wycieczki<\/strong>, w oparciu o indywidualne kryteria i oczekiwania Pa\u0144stwa lub Pa\u0144stwa Kontrahent\u00f3w, <strong>zwiedzanie \u201etematyczne\u201d;<\/strong><\/p>\n<p>&#8211; <strong>doradztwo<\/strong> i pomoc<strong> przy dokonaniu rezerwacji <\/strong>sprawdzonych i atrakcyjnych cenowo<strong> hoteli oraz restauracji;<\/strong><\/p>\n<p>&#8211; <strong>organizacja atrakcji dodatkowych<\/strong>, takich jak: degustacje wina lub piwa, kolacje regionalne z muzyk\u0105 i pokazami tanecznymi, wieczorki taneczne, rejsy statkiem, baseny i k\u0105pieliska termalne, raftingi, wy\u015bcigi gokart\u00f3w, paintball, etc., etc.<\/p>\n<p><strong>Bardzo serdecznie zapraszam Pa\u0144stwa do wsp\u00f3\u0142pracy!<\/strong>[\/vc_column_text][\/vc_column][\/vc_row]<\/p>\n","protected":false},"excerpt":{"rendered":"<p>[vc_row][vc_column][vc_column_text] Specjalizuj\u0119 si\u0119 w pilotowaniu wycieczek po Polsce, Czechach, S\u0142owacji i W\u0119grzech. Ale pilotuj\u0119 tak\u017ce\u00a0 wycieczki na Ukrain\u0119, do Niemiec i Austrii oraz na Ba\u0142kany. W miastach takich jak Praga, Budapeszt, Bratys\u0142awa, Eger, Brno, O\u0142omuniec, Drezno czy Szentendre,\u00a0mog\u0119 Pa\u0144stwa oprowadzi\u0107 ze szczeg\u00f3\u0142ami, je\u015bli nie b\u0119dzie dost\u0119pny przewodnik lokalny. Wsp\u00f3\u0142pracuj\u0105c z wieloma Biurami Podr\u00f3\u017cy, bardzo ch\u0119tnie &hellip; <\/p>\n<p class=\"link-more\"><a href=\"https:\/\/sebastiankalicinski.pl\/index.php\/oferta\/\" class=\"more-link\">Czytaj dalej<span class=\"screen-reader-text\"> \u201eOferta\u201d<\/span><\/a><\/p>\n","protected":false},"author":1,"featured_media":434,"parent":0,"menu_order":0,"comment_status":"closed","ping_status":"closed","template":"","meta":{"_exactmetrics_skip_tracking":false,"_exactmetrics_sitenote_active":false,"_exactmetrics_sitenote_note":"","_exactmetrics_sitenote_category":0,"footnotes":""},"yoast_head":"<!-- This site is optimized with the Yoast SEO plugin v23.5 - https:\/\/yoast.com\/wordpress\/plugins\/seo\/ -->\n<title>Pilot Wycieczek W\u0119gry, Budapeszt, Czechy, Praga, Wiede\u0144, Lw\u00f3w, Eger<\/title>\n<meta name=\"description\" content=\"Licencjonowany pilot wycieczek W\u0119gry, wycieczki szkolne do Budapesztu, organizacja wycieczek na W\u0119gry, rezerwacje hoteli, rejsy po Dunaju Budapeszt\" \/>\n<meta name=\"robots\" content=\"index, follow, max-snippet:-1, max-image-preview:large, max-video-preview:-1\" \/>\n<link rel=\"canonical\" href=\"https:\/\/sebastiankalicinski.pl\/index.php\/oferta\/\" \/>\n<meta property=\"og:locale\" content=\"pl_PL\" \/>\n<meta property=\"og:type\" content=\"article\" \/>\n<meta property=\"og:title\" content=\"Pilot Wycieczek W\u0119gry, Budapeszt, Czechy, Praga, Wiede\u0144, Lw\u00f3w, Eger\" \/>\n<meta property=\"og:description\" content=\"Licencjonowany pilot wycieczek W\u0119gry, wycieczki szkolne do Budapesztu, organizacja wycieczek na W\u0119gry, rezerwacje hoteli, rejsy po Dunaju Budapeszt\" \/>\n<meta property=\"og:url\" content=\"https:\/\/sebastiankalicinski.pl\/index.php\/oferta\/\" \/>\n<meta property=\"og:site_name\" content=\"Sebastian Kalici\u0144ski\" \/>\n<meta property=\"article:publisher\" content=\"https:\/\/www.facebook.com\/sebastiankalicinskipilotwycieczek\/\" \/>\n<meta property=\"article:modified_time\" content=\"2019-02-10T15:52:47+00:00\" \/>\n<meta property=\"og:image\" content=\"https:\/\/sebastiankalicinski.pl\/wp-content\/uploads\/2018\/03\/DSC_0004-5-e1516107984486-darken.jpg\" \/>\n\t<meta property=\"og:image:width\" content=\"1600\" \/>\n\t<meta property=\"og:image:height\" content=\"900\" \/>\n\t<meta property=\"og:image:type\" content=\"image\/jpeg\" \/>\n<meta name=\"twitter:card\" content=\"summary_large_image\" \/>\n<meta name=\"twitter:label1\" content=\"Szacowany czas czytania\" \/>\n\t<meta name=\"twitter:data1\" content=\"1 minuta\" \/>\n<script type=\"application\/ld+json\" class=\"yoast-schema-graph\">{\"@context\":\"https:\/\/schema.org\",\"@graph\":[{\"@type\":\"WebPage\",\"@id\":\"https:\/\/sebastiankalicinski.pl\/index.php\/oferta\/\",\"url\":\"https:\/\/sebastiankalicinski.pl\/index.php\/oferta\/\",\"name\":\"Pilot Wycieczek W\u0119gry, Budapeszt, Czechy, Praga, Wiede\u0144, Lw\u00f3w, Eger\",\"isPartOf\":{\"@id\":\"https:\/\/sebastiankalicinski.pl\/#website\"},\"primaryImageOfPage\":{\"@id\":\"https:\/\/sebastiankalicinski.pl\/index.php\/oferta\/#primaryimage\"},\"image\":{\"@id\":\"https:\/\/sebastiankalicinski.pl\/index.php\/oferta\/#primaryimage\"},\"thumbnailUrl\":\"https:\/\/sebastiankalicinski.pl\/wp-content\/uploads\/2018\/03\/DSC_0004-5-e1516107984486-darken.jpg\",\"datePublished\":\"2017-05-09T10:06:33+00:00\",\"dateModified\":\"2019-02-10T15:52:47+00:00\",\"description\":\"Licencjonowany pilot wycieczek W\u0119gry, wycieczki szkolne do Budapesztu, organizacja wycieczek na W\u0119gry, rezerwacje hoteli, rejsy po Dunaju Budapeszt\",\"breadcrumb\":{\"@id\":\"https:\/\/sebastiankalicinski.pl\/index.php\/oferta\/#breadcrumb\"},\"inLanguage\":\"pl-PL\",\"potentialAction\":[{\"@type\":\"ReadAction\",\"target\":[\"https:\/\/sebastiankalicinski.pl\/index.php\/oferta\/\"]}]},{\"@type\":\"ImageObject\",\"inLanguage\":\"pl-PL\",\"@id\":\"https:\/\/sebastiankalicinski.pl\/index.php\/oferta\/#primaryimage\",\"url\":\"https:\/\/sebastiankalicinski.pl\/wp-content\/uploads\/2018\/03\/DSC_0004-5-e1516107984486-darken.jpg\",\"contentUrl\":\"https:\/\/sebastiankalicinski.pl\/wp-content\/uploads\/2018\/03\/DSC_0004-5-e1516107984486-darken.jpg\",\"width\":1600,\"height\":900,\"caption\":\"Tour Guide Okayo WT300n\"},{\"@type\":\"BreadcrumbList\",\"@id\":\"https:\/\/sebastiankalicinski.pl\/index.php\/oferta\/#breadcrumb\",\"itemListElement\":[{\"@type\":\"ListItem\",\"position\":1,\"name\":\"Strona g\u0142\u00f3wna\",\"item\":\"https:\/\/sebastiankalicinski.pl\/\"},{\"@type\":\"ListItem\",\"position\":2,\"name\":\"Oferta\"}]},{\"@type\":\"WebSite\",\"@id\":\"https:\/\/sebastiankalicinski.pl\/#website\",\"url\":\"https:\/\/sebastiankalicinski.pl\/\",\"name\":\"Pilot Wycieczek Sebastian Kalici\u0144ski\",\"description\":\"Pilot Wycieczek\",\"potentialAction\":[{\"@type\":\"SearchAction\",\"target\":{\"@type\":\"EntryPoint\",\"urlTemplate\":\"https:\/\/sebastiankalicinski.pl\/?s={search_term_string}\"},\"query-input\":{\"@type\":\"PropertyValueSpecification\",\"valueRequired\":true,\"valueName\":\"search_term_string\"}}],\"inLanguage\":\"pl-PL\"}]}<\/script>\n<!-- \/ Yoast SEO plugin. -->","yoast_head_json":{"title":"Pilot Wycieczek W\u0119gry, Budapeszt, Czechy, Praga, Wiede\u0144, Lw\u00f3w, Eger","description":"Licencjonowany pilot wycieczek W\u0119gry, wycieczki szkolne do Budapesztu, organizacja wycieczek na W\u0119gry, rezerwacje hoteli, rejsy po Dunaju Budapeszt","robots":{"index":"index","follow":"follow","max-snippet":"max-snippet:-1","max-image-preview":"max-image-preview:large","max-video-preview":"max-video-preview:-1"},"canonical":"https:\/\/sebastiankalicinski.pl\/index.php\/oferta\/","og_locale":"pl_PL","og_type":"article","og_title":"Pilot Wycieczek W\u0119gry, Budapeszt, Czechy, Praga, Wiede\u0144, Lw\u00f3w, Eger","og_description":"Licencjonowany pilot wycieczek W\u0119gry, wycieczki szkolne do Budapesztu, organizacja wycieczek na W\u0119gry, rezerwacje hoteli, rejsy po Dunaju Budapeszt","og_url":"https:\/\/sebastiankalicinski.pl\/index.php\/oferta\/","og_site_name":"Sebastian Kalici\u0144ski","article_publisher":"https:\/\/www.facebook.com\/sebastiankalicinskipilotwycieczek\/","article_modified_time":"2019-02-10T15:52:47+00:00","og_image":[{"width":1600,"height":900,"url":"https:\/\/sebastiankalicinski.pl\/wp-content\/uploads\/2018\/03\/DSC_0004-5-e1516107984486-darken.jpg","type":"image\/jpeg"}],"twitter_card":"summary_large_image","twitter_misc":{"Szacowany czas czytania":"1 minuta"},"schema":{"@context":"https:\/\/schema.org","@graph":[{"@type":"WebPage","@id":"https:\/\/sebastiankalicinski.pl\/index.php\/oferta\/","url":"https:\/\/sebastiankalicinski.pl\/index.php\/oferta\/","name":"Pilot Wycieczek W\u0119gry, Budapeszt, Czechy, Praga, Wiede\u0144, Lw\u00f3w, Eger","isPartOf":{"@id":"https:\/\/sebastiankalicinski.pl\/#website"},"primaryImageOfPage":{"@id":"https:\/\/sebastiankalicinski.pl\/index.php\/oferta\/#primaryimage"},"image":{"@id":"https:\/\/sebastiankalicinski.pl\/index.php\/oferta\/#primaryimage"},"thumbnailUrl":"https:\/\/sebastiankalicinski.pl\/wp-content\/uploads\/2018\/03\/DSC_0004-5-e1516107984486-darken.jpg","datePublished":"2017-05-09T10:06:33+00:00","dateModified":"2019-02-10T15:52:47+00:00","description":"Licencjonowany pilot wycieczek W\u0119gry, wycieczki szkolne do Budapesztu, organizacja wycieczek na W\u0119gry, rezerwacje hoteli, rejsy po Dunaju Budapeszt","breadcrumb":{"@id":"https:\/\/sebastiankalicinski.pl\/index.php\/oferta\/#breadcrumb"},"inLanguage":"pl-PL","potentialAction":[{"@type":"ReadAction","target":["https:\/\/sebastiankalicinski.pl\/index.php\/oferta\/"]}]},{"@type":"ImageObject","inLanguage":"pl-PL","@id":"https:\/\/sebastiankalicinski.pl\/index.php\/oferta\/#primaryimage","url":"https:\/\/sebastiankalicinski.pl\/wp-content\/uploads\/2018\/03\/DSC_0004-5-e1516107984486-darken.jpg","contentUrl":"https:\/\/sebastiankalicinski.pl\/wp-content\/uploads\/2018\/03\/DSC_0004-5-e1516107984486-darken.jpg","width":1600,"height":900,"caption":"Tour Guide Okayo WT300n"},{"@type":"BreadcrumbList","@id":"https:\/\/sebastiankalicinski.pl\/index.php\/oferta\/#breadcrumb","itemListElement":[{"@type":"ListItem","position":1,"name":"Strona g\u0142\u00f3wna","item":"https:\/\/sebastiankalicinski.pl\/"},{"@type":"ListItem","position":2,"name":"Oferta"}]},{"@type":"WebSite","@id":"https:\/\/sebastiankalicinski.pl\/#website","url":"https:\/\/sebastiankalicinski.pl\/","name":"Pilot Wycieczek Sebastian Kalici\u0144ski","description":"Pilot Wycieczek","potentialAction":[{"@type":"SearchAction","target":{"@type":"EntryPoint","urlTemplate":"https:\/\/sebastiankalicinski.pl\/?s={search_term_string}"},"query-input":{"@type":"PropertyValueSpecification","valueRequired":true,"valueName":"search_term_string"}}],"inLanguage":"pl-PL"}]}},"_links":{"self":[{"href":"https:\/\/sebastiankalicinski.pl\/index.php\/wp-json\/wp\/v2\/pages\/20"}],"collection":[{"href":"https:\/\/sebastiankalicinski.pl\/index.php\/wp-json\/wp\/v2\/pages"}],"about":[{"href":"https:\/\/sebastiankalicinski.pl\/index.php\/wp-json\/wp\/v2\/types\/page"}],"author":[{"embeddable":true,"href":"https:\/\/sebastiankalicinski.pl\/index.php\/wp-json\/wp\/v2\/users\/1"}],"replies":[{"embeddable":true,"href":"https:\/\/sebastiankalicinski.pl\/index.php\/wp-json\/wp\/v2\/comments?post=20"}],"version-history":[{"count":16,"href":"https:\/\/sebastiankalicinski.pl\/index.php\/wp-json\/wp\/v2\/pages\/20\/revisions"}],"predecessor-version":[{"id":669,"href":"https:\/\/sebastiankalicinski.pl\/index.php\/wp-json\/wp\/v2\/pages\/20\/revisions\/669"}],"wp:featuredmedia":[{"embeddable":true,"href":"https:\/\/sebastiankalicinski.pl\/index.php\/wp-json\/wp\/v2\/media\/434"}],"wp:attachment":[{"href":"https:\/\/sebastiankalicinski.pl\/index.php\/wp-json\/wp\/v2\/media?parent=20"}],"curies":[{"name":"wp","href":"https:\/\/api.w.org\/{rel}","templated":true}]}}