{"id":17,"date":"2017-05-09T12:06:33","date_gmt":"2017-05-09T10:06:33","guid":{"rendered":"http:\/\/sebastiankalicinski.pl\/?page_id=17"},"modified":"2019-02-10T16:39:08","modified_gmt":"2019-02-10T15:39:08","slug":"pilot-wycieczek-wegry-czechy-budapeszt-praga","status":"publish","type":"page","link":"https:\/\/sebastiankalicinski.pl\/index.php\/pilot-wycieczek-wegry-czechy-budapeszt-praga\/","title":{"rendered":"O mnie"},"content":{"rendered":"<p>[vc_row][vc_column][vc_column_text]<\/p>\n<p style=\"text-align: left;\"><a name=\"omnie\"><\/a><br><img fetchpriority=\"high\" decoding=\"async\" class=\"size-medium wp-image-58 alignleft\" src=\"http:\/\/sebastiankalicinski.pl\/wp-content\/uploads\/2017\/05\/P4115642-300x199.jpg\" alt=\"\" width=\"300\" height=\"199\" srcset=\"https:\/\/sebastiankalicinski.pl\/wp-content\/uploads\/2017\/05\/P4115642-300x199.jpg 300w, https:\/\/sebastiankalicinski.pl\/wp-content\/uploads\/2017\/05\/P4115642-768x510.jpg 768w, https:\/\/sebastiankalicinski.pl\/wp-content\/uploads\/2017\/05\/P4115642-1024x680.jpg 1024w, https:\/\/sebastiankalicinski.pl\/wp-content\/uploads\/2017\/05\/P4115642.jpg 1600w\" sizes=\"(max-width: 300px) 100vw, 300px\" \/>Nazywam si\u0119 Sebastian Kalici\u0144ski. Urodzi\u0142em si\u0119 w latach 70-tych ubieg\u0142ego stulecia, co uwa\u017cam za jeden z moich atut\u00f3w. Dzi\u0119ki temu zd\u0105\u017cy\u0142em jeszcze pozna\u0107 urok \u017cycia sprzed \u201ewielkiej transformacji\u201d. I mia\u0142em to wielkie szcz\u0119\u015bcie, \u017ce mog\u0142em dorasta\u0107 w czasach, w kt\u00f3rych powszechne by\u0142o to co dzisiaj coraz trudniej znale\u017a\u0107: prawdziwe&nbsp;i szczere relacje z lud\u017ami.<\/p>\n<p align=\"JUSTIFY\">&nbsp;Do szacownego grona pilot\u00f3w wycieczek do\u0142\u0105czy\u0142em jeszcze podczas studi\u00f3w. Studiuj\u0105c Socjologi\u0119 nauczy\u0142em si\u0119 lepszego zrozumienia ludzi i \u015bwiata. Bo przecie\u017c ka\u017cdy z nas jest inny i ma inne potrzeby. A w pracy pilota jest to przecie\u017c jedna z najwa\u017cniejszych umiej\u0119tno\u015bci.<\/p>\n<p align=\"JUSTIFY\">&nbsp;Kiedy w 2000 roku zdoby\u0142em licencj\u0119 Pilota Wycieczek, GPS-y nie by\u0142y tak powszechne jak obecnie. To te\u017c tradycyjna, papierowa mapa nie jest mi obca. A ja nadal na wyjazdach pracuj\u0119 tak\u017ce w oparciu o takie \u201erelikty przesz\u0142o\u015bci\u201d :-). Aczkolwiek dzisiaj sprawnie \u0142\u0105cz\u0119 &#8222;tradycj\u0119 z nowoczesno\u015bci\u0105&#8221;, pracuj\u0105c na wycieczkach w oparciu o w\u0142asny zestaw profesjonalnego, bezprzewodowego nag\u0142o\u015bnienia \u201eTour Guide\u201d &#8211; Okayo WT-300n.<\/p>\n<p align=\"JUSTIFY\">&nbsp;Przez 14 lat prac\u0119 pilota wycieczek \u0142\u0105czy\u0142em z prac\u0105 w du\u017cej korporacji telekomunikacyjnej gdzie pomy\u015blnie udawa\u0142o mi si\u0119 \u0142\u0105czy\u0107 obowi\u0105zki \u201emened\u017cerskie\u201d z wyjazdami. W tej pracy zdoby\u0142em ogromny baga\u017c do\u015bwiadcze\u0144 zwi\u0105zanych z obs\u0142ug\u0105 klienta, prowadzeniem negocjacji i rozwi\u0105zywaniem sytuacji spornych, konfliktowych. A to wiedza, kt\u00f3ra podczas pracy w turystyce jest wr\u0119cz niezb\u0119dna i pozwala mi pracowa\u0107 na odpowiednio wysokim poziomie.<\/p>\n<p align=\"JUSTIFY\">&nbsp;Kilka lat temu w ko\u0144cu porzuci\u0142em korporacj\u0119 i postanowi\u0142em w ca\u0142o\u015bci po\u015bwi\u0119ci\u0107 si\u0119 temu. co kocham najbardziej: podr\u00f3\u017cowaniu oraz pilotowaniu dla Pa\u0144stwa wycieczek.&nbsp;Jak na razie wiele wskazuje na to, \u017ce dokona\u0142em s\u0142usznego wyboru! \ud83d\ude42<\/p>\n<p align=\"JUSTIFY\">&nbsp;Do zobaczenia na naszej wsp\u00f3lnej wycieczce!<\/p>\n<p>[\/vc_column_text][\/vc_column][\/vc_row]<\/p>\n\n\n<p><\/p>\n","protected":false},"excerpt":{"rendered":"<p>[vc_row][vc_column][vc_column_text] Nazywam si\u0119 Sebastian Kalici\u0144ski. Urodzi\u0142em si\u0119 w latach 70-tych ubieg\u0142ego stulecia, co uwa\u017cam za jeden z moich atut\u00f3w. Dzi\u0119ki temu zd\u0105\u017cy\u0142em jeszcze pozna\u0107 urok \u017cycia sprzed \u201ewielkiej transformacji\u201d. I mia\u0142em to wielkie szcz\u0119\u015bcie, \u017ce mog\u0142em dorasta\u0107 w czasach, w kt\u00f3rych powszechne by\u0142o to co dzisiaj coraz trudniej znale\u017a\u0107: prawdziwe&nbsp;i szczere relacje z lud\u017ami. &nbsp;Do &hellip; <\/p>\n<p class=\"link-more\"><a href=\"https:\/\/sebastiankalicinski.pl\/index.php\/pilot-wycieczek-wegry-czechy-budapeszt-praga\/\" class=\"more-link\">Czytaj dalej<span class=\"screen-reader-text\"> \u201eO mnie\u201d<\/span><\/a><\/p>\n","protected":false},"author":1,"featured_media":61,"parent":0,"menu_order":0,"comment_status":"closed","ping_status":"closed","template":"","meta":{"_exactmetrics_skip_tracking":false,"_exactmetrics_sitenote_active":false,"_exactmetrics_sitenote_note":"","_exactmetrics_sitenote_category":0,"footnotes":""},"yoast_head":"<!-- This site is optimized with the Yoast SEO plugin v23.5 - https:\/\/yoast.com\/wordpress\/plugins\/seo\/ -->\n<title>Sebastian Kalici\u0144ski pilot wycieczek na W\u0119gry, do Czech, do Austrii<\/title>\n<meta name=\"description\" content=\"Pilot wycieczek na W\u0119gry, S\u0142owacj\u0119, Ukrain\u0119, do Czech, do Austrii. Pilot Budapeszt. Wycieczki szkolne na W\u0119gry. Wycieczki szkolne do Czech. Tour Guide Okayo\" \/>\n<meta name=\"robots\" content=\"index, follow, max-snippet:-1, max-image-preview:large, max-video-preview:-1\" \/>\n<link rel=\"canonical\" href=\"https:\/\/sebastiankalicinski.pl\/index.php\/pilot-wycieczek-wegry-czechy-budapeszt-praga\/\" \/>\n<meta property=\"og:locale\" content=\"pl_PL\" \/>\n<meta property=\"og:type\" content=\"article\" \/>\n<meta property=\"og:title\" content=\"Sebastian Kalici\u0144ski pilot wycieczek na W\u0119gry, do Czech, do Austrii\" \/>\n<meta property=\"og:description\" content=\"Pilot wycieczek na W\u0119gry, S\u0142owacj\u0119, Ukrain\u0119, do Czech, do Austrii. Pilot Budapeszt. Wycieczki szkolne na W\u0119gry. Wycieczki szkolne do Czech. Tour Guide Okayo\" \/>\n<meta property=\"og:url\" content=\"https:\/\/sebastiankalicinski.pl\/index.php\/pilot-wycieczek-wegry-czechy-budapeszt-praga\/\" \/>\n<meta property=\"og:site_name\" content=\"Sebastian Kalici\u0144ski\" \/>\n<meta property=\"article:publisher\" content=\"https:\/\/www.facebook.com\/sebastiankalicinskipilotwycieczek\/\" \/>\n<meta property=\"article:modified_time\" content=\"2019-02-10T15:39:08+00:00\" \/>\n<meta property=\"og:image\" content=\"https:\/\/sebastiankalicinski.pl\/wp-content\/uploads\/2017\/05\/Debreczyn-Sk.jpg\" \/>\n\t<meta property=\"og:image:width\" content=\"1856\" \/>\n\t<meta property=\"og:image:height\" content=\"1004\" \/>\n\t<meta property=\"og:image:type\" content=\"image\/jpeg\" \/>\n<meta name=\"twitter:card\" content=\"summary_large_image\" \/>\n<meta name=\"twitter:label1\" content=\"Szacowany czas czytania\" \/>\n\t<meta name=\"twitter:data1\" content=\"2 minuty\" \/>\n<script type=\"application\/ld+json\" class=\"yoast-schema-graph\">{\"@context\":\"https:\/\/schema.org\",\"@graph\":[{\"@type\":\"WebPage\",\"@id\":\"https:\/\/sebastiankalicinski.pl\/index.php\/pilot-wycieczek-wegry-czechy-budapeszt-praga\/\",\"url\":\"https:\/\/sebastiankalicinski.pl\/index.php\/pilot-wycieczek-wegry-czechy-budapeszt-praga\/\",\"name\":\"Sebastian Kalici\u0144ski pilot wycieczek na W\u0119gry, do Czech, do Austrii\",\"isPartOf\":{\"@id\":\"https:\/\/sebastiankalicinski.pl\/#website\"},\"primaryImageOfPage\":{\"@id\":\"https:\/\/sebastiankalicinski.pl\/index.php\/pilot-wycieczek-wegry-czechy-budapeszt-praga\/#primaryimage\"},\"image\":{\"@id\":\"https:\/\/sebastiankalicinski.pl\/index.php\/pilot-wycieczek-wegry-czechy-budapeszt-praga\/#primaryimage\"},\"thumbnailUrl\":\"https:\/\/sebastiankalicinski.pl\/wp-content\/uploads\/2017\/05\/Debreczyn-Sk.jpg\",\"datePublished\":\"2017-05-09T10:06:33+00:00\",\"dateModified\":\"2019-02-10T15:39:08+00:00\",\"description\":\"Pilot wycieczek na W\u0119gry, S\u0142owacj\u0119, Ukrain\u0119, do Czech, do Austrii. Pilot Budapeszt. Wycieczki szkolne na W\u0119gry. Wycieczki szkolne do Czech. Tour Guide Okayo\",\"breadcrumb\":{\"@id\":\"https:\/\/sebastiankalicinski.pl\/index.php\/pilot-wycieczek-wegry-czechy-budapeszt-praga\/#breadcrumb\"},\"inLanguage\":\"pl-PL\",\"potentialAction\":[{\"@type\":\"ReadAction\",\"target\":[\"https:\/\/sebastiankalicinski.pl\/index.php\/pilot-wycieczek-wegry-czechy-budapeszt-praga\/\"]}]},{\"@type\":\"ImageObject\",\"inLanguage\":\"pl-PL\",\"@id\":\"https:\/\/sebastiankalicinski.pl\/index.php\/pilot-wycieczek-wegry-czechy-budapeszt-praga\/#primaryimage\",\"url\":\"https:\/\/sebastiankalicinski.pl\/wp-content\/uploads\/2017\/05\/Debreczyn-Sk.jpg\",\"contentUrl\":\"https:\/\/sebastiankalicinski.pl\/wp-content\/uploads\/2017\/05\/Debreczyn-Sk.jpg\",\"width\":1856,\"height\":1004,\"caption\":\"Sebastian Kalici\u0144ski\"},{\"@type\":\"BreadcrumbList\",\"@id\":\"https:\/\/sebastiankalicinski.pl\/index.php\/pilot-wycieczek-wegry-czechy-budapeszt-praga\/#breadcrumb\",\"itemListElement\":[{\"@type\":\"ListItem\",\"position\":1,\"name\":\"Strona g\u0142\u00f3wna\",\"item\":\"https:\/\/sebastiankalicinski.pl\/\"},{\"@type\":\"ListItem\",\"position\":2,\"name\":\"O mnie\"}]},{\"@type\":\"WebSite\",\"@id\":\"https:\/\/sebastiankalicinski.pl\/#website\",\"url\":\"https:\/\/sebastiankalicinski.pl\/\",\"name\":\"Pilot Wycieczek Sebastian Kalici\u0144ski\",\"description\":\"Pilot Wycieczek\",\"potentialAction\":[{\"@type\":\"SearchAction\",\"target\":{\"@type\":\"EntryPoint\",\"urlTemplate\":\"https:\/\/sebastiankalicinski.pl\/?s={search_term_string}\"},\"query-input\":{\"@type\":\"PropertyValueSpecification\",\"valueRequired\":true,\"valueName\":\"search_term_string\"}}],\"inLanguage\":\"pl-PL\"}]}<\/script>\n<!-- \/ Yoast SEO plugin. -->","yoast_head_json":{"title":"Sebastian Kalici\u0144ski pilot wycieczek na W\u0119gry, do Czech, do Austrii","description":"Pilot wycieczek na W\u0119gry, S\u0142owacj\u0119, Ukrain\u0119, do Czech, do Austrii. Pilot Budapeszt. Wycieczki szkolne na W\u0119gry. Wycieczki szkolne do Czech. Tour Guide Okayo","robots":{"index":"index","follow":"follow","max-snippet":"max-snippet:-1","max-image-preview":"max-image-preview:large","max-video-preview":"max-video-preview:-1"},"canonical":"https:\/\/sebastiankalicinski.pl\/index.php\/pilot-wycieczek-wegry-czechy-budapeszt-praga\/","og_locale":"pl_PL","og_type":"article","og_title":"Sebastian Kalici\u0144ski pilot wycieczek na W\u0119gry, do Czech, do Austrii","og_description":"Pilot wycieczek na W\u0119gry, S\u0142owacj\u0119, Ukrain\u0119, do Czech, do Austrii. Pilot Budapeszt. Wycieczki szkolne na W\u0119gry. Wycieczki szkolne do Czech. Tour Guide Okayo","og_url":"https:\/\/sebastiankalicinski.pl\/index.php\/pilot-wycieczek-wegry-czechy-budapeszt-praga\/","og_site_name":"Sebastian Kalici\u0144ski","article_publisher":"https:\/\/www.facebook.com\/sebastiankalicinskipilotwycieczek\/","article_modified_time":"2019-02-10T15:39:08+00:00","og_image":[{"width":1856,"height":1004,"url":"https:\/\/sebastiankalicinski.pl\/wp-content\/uploads\/2017\/05\/Debreczyn-Sk.jpg","type":"image\/jpeg"}],"twitter_card":"summary_large_image","twitter_misc":{"Szacowany czas czytania":"2 minuty"},"schema":{"@context":"https:\/\/schema.org","@graph":[{"@type":"WebPage","@id":"https:\/\/sebastiankalicinski.pl\/index.php\/pilot-wycieczek-wegry-czechy-budapeszt-praga\/","url":"https:\/\/sebastiankalicinski.pl\/index.php\/pilot-wycieczek-wegry-czechy-budapeszt-praga\/","name":"Sebastian Kalici\u0144ski pilot wycieczek na W\u0119gry, do Czech, do Austrii","isPartOf":{"@id":"https:\/\/sebastiankalicinski.pl\/#website"},"primaryImageOfPage":{"@id":"https:\/\/sebastiankalicinski.pl\/index.php\/pilot-wycieczek-wegry-czechy-budapeszt-praga\/#primaryimage"},"image":{"@id":"https:\/\/sebastiankalicinski.pl\/index.php\/pilot-wycieczek-wegry-czechy-budapeszt-praga\/#primaryimage"},"thumbnailUrl":"https:\/\/sebastiankalicinski.pl\/wp-content\/uploads\/2017\/05\/Debreczyn-Sk.jpg","datePublished":"2017-05-09T10:06:33+00:00","dateModified":"2019-02-10T15:39:08+00:00","description":"Pilot wycieczek na W\u0119gry, S\u0142owacj\u0119, Ukrain\u0119, do Czech, do Austrii. Pilot Budapeszt. Wycieczki szkolne na W\u0119gry. Wycieczki szkolne do Czech. Tour Guide Okayo","breadcrumb":{"@id":"https:\/\/sebastiankalicinski.pl\/index.php\/pilot-wycieczek-wegry-czechy-budapeszt-praga\/#breadcrumb"},"inLanguage":"pl-PL","potentialAction":[{"@type":"ReadAction","target":["https:\/\/sebastiankalicinski.pl\/index.php\/pilot-wycieczek-wegry-czechy-budapeszt-praga\/"]}]},{"@type":"ImageObject","inLanguage":"pl-PL","@id":"https:\/\/sebastiankalicinski.pl\/index.php\/pilot-wycieczek-wegry-czechy-budapeszt-praga\/#primaryimage","url":"https:\/\/sebastiankalicinski.pl\/wp-content\/uploads\/2017\/05\/Debreczyn-Sk.jpg","contentUrl":"https:\/\/sebastiankalicinski.pl\/wp-content\/uploads\/2017\/05\/Debreczyn-Sk.jpg","width":1856,"height":1004,"caption":"Sebastian Kalici\u0144ski"},{"@type":"BreadcrumbList","@id":"https:\/\/sebastiankalicinski.pl\/index.php\/pilot-wycieczek-wegry-czechy-budapeszt-praga\/#breadcrumb","itemListElement":[{"@type":"ListItem","position":1,"name":"Strona g\u0142\u00f3wna","item":"https:\/\/sebastiankalicinski.pl\/"},{"@type":"ListItem","position":2,"name":"O mnie"}]},{"@type":"WebSite","@id":"https:\/\/sebastiankalicinski.pl\/#website","url":"https:\/\/sebastiankalicinski.pl\/","name":"Pilot Wycieczek Sebastian Kalici\u0144ski","description":"Pilot Wycieczek","potentialAction":[{"@type":"SearchAction","target":{"@type":"EntryPoint","urlTemplate":"https:\/\/sebastiankalicinski.pl\/?s={search_term_string}"},"query-input":{"@type":"PropertyValueSpecification","valueRequired":true,"valueName":"search_term_string"}}],"inLanguage":"pl-PL"}]}},"_links":{"self":[{"href":"https:\/\/sebastiankalicinski.pl\/index.php\/wp-json\/wp\/v2\/pages\/17"}],"collection":[{"href":"https:\/\/sebastiankalicinski.pl\/index.php\/wp-json\/wp\/v2\/pages"}],"about":[{"href":"https:\/\/sebastiankalicinski.pl\/index.php\/wp-json\/wp\/v2\/types\/page"}],"author":[{"embeddable":true,"href":"https:\/\/sebastiankalicinski.pl\/index.php\/wp-json\/wp\/v2\/users\/1"}],"replies":[{"embeddable":true,"href":"https:\/\/sebastiankalicinski.pl\/index.php\/wp-json\/wp\/v2\/comments?post=17"}],"version-history":[{"count":31,"href":"https:\/\/sebastiankalicinski.pl\/index.php\/wp-json\/wp\/v2\/pages\/17\/revisions"}],"predecessor-version":[{"id":667,"href":"https:\/\/sebastiankalicinski.pl\/index.php\/wp-json\/wp\/v2\/pages\/17\/revisions\/667"}],"wp:featuredmedia":[{"embeddable":true,"href":"https:\/\/sebastiankalicinski.pl\/index.php\/wp-json\/wp\/v2\/media\/61"}],"wp:attachment":[{"href":"https:\/\/sebastiankalicinski.pl\/index.php\/wp-json\/wp\/v2\/media?parent=17"}],"curies":[{"name":"wp","href":"https:\/\/api.w.org\/{rel}","templated":true}]}}