{"id":16,"date":"2017-05-09T12:06:33","date_gmt":"2017-05-09T10:06:33","guid":{"rendered":"http:\/\/sebastiankalicinski.pl\/?page_id=16"},"modified":"2020-08-03T12:15:25","modified_gmt":"2020-08-03T10:15:25","slug":"licencjonowany-pilot-wycieczek","status":"publish","type":"page","link":"https:\/\/sebastiankalicinski.pl\/","title":{"rendered":"Home"},"content":{"rendered":"<p>[vc_row][vc_column][vc_column_text]<\/p>\n<p style=\"text-align: center;\">Do\u015bwiadczony pilot wycieczek&nbsp;krajowych i zagranicznych wita Pa\u0144stwa bardzo serdecznie na swojej stronie!<\/p>\n<p style=\"text-align: center;\">Zapraszam do lektury mojego bloga, gdzie znajdziecie Pa\u0144stwo relacje i zdj\u0119cia z moich dotychczasowych wyjazd\u00f3w.<\/p>\n<p style=\"text-align: center;\">W sprawie wsp\u00f3\u0142pracy, prosz\u0119 o&nbsp;bezpo\u015bredni kontakt telefoniczny lub przez e-mail albo formularz kontaktowy.<\/p>\n<p>[\/vc_column_text][\/vc_column][\/vc_row]<\/p>\n","protected":false},"excerpt":{"rendered":"<p>[vc_row][vc_column][vc_column_text] Do\u015bwiadczony pilot wycieczek&nbsp;krajowych i zagranicznych wita Pa\u0144stwa bardzo serdecznie na swojej stronie! Zapraszam do lektury mojego bloga, gdzie znajdziecie Pa\u0144stwo relacje i zdj\u0119cia z moich dotychczasowych wyjazd\u00f3w. W sprawie wsp\u00f3\u0142pracy, prosz\u0119 o&nbsp;bezpo\u015bredni kontakt telefoniczny lub przez e-mail albo formularz kontaktowy. [\/vc_column_text][\/vc_column][\/vc_row]<\/p>\n","protected":false},"author":1,"featured_media":0,"parent":0,"menu_order":0,"comment_status":"closed","ping_status":"closed","template":"","meta":{"_exactmetrics_skip_tracking":false,"_exactmetrics_sitenote_active":false,"_exactmetrics_sitenote_note":"","_exactmetrics_sitenote_category":0,"footnotes":""},"yoast_head":"<!-- This site is optimized with the Yoast SEO plugin v23.5 - https:\/\/yoast.com\/wordpress\/plugins\/seo\/ -->\n<title>Do\u015bwiadczony pilot wycieczek - W\u0119gry, S\u0142owacja, Czechy, Polska, Ukraina<\/title>\n<meta name=\"description\" content=\"Pilot wycieczek W\u0119gry, S\u0142owacja, Czechy, Austria. Kompleksowe us\u0142ugi pilota\u017cowe, rezerwacja hoteli. System Tour Guide Okayo WT 300n,\" \/>\n<meta name=\"robots\" content=\"index, follow, max-snippet:-1, max-image-preview:large, max-video-preview:-1\" \/>\n<link rel=\"canonical\" href=\"https:\/\/sebastiankalicinski.pl\/\" \/>\n<meta property=\"og:locale\" content=\"pl_PL\" \/>\n<meta property=\"og:type\" content=\"article\" \/>\n<meta property=\"og:title\" content=\"Do\u015bwiadczony pilot wycieczek - W\u0119gry, S\u0142owacja, Czechy, Polska, Ukraina\" \/>\n<meta property=\"og:description\" content=\"Pilot wycieczek W\u0119gry, S\u0142owacja, Czechy, Austria. Kompleksowe us\u0142ugi pilota\u017cowe, rezerwacja hoteli. System Tour Guide Okayo WT 300n,\" \/>\n<meta property=\"og:url\" content=\"https:\/\/sebastiankalicinski.pl\/\" \/>\n<meta property=\"og:site_name\" content=\"Sebastian Kalici\u0144ski\" \/>\n<meta property=\"article:publisher\" content=\"https:\/\/www.facebook.com\/sebastiankalicinskipilotwycieczek\/\" \/>\n<meta property=\"article:modified_time\" content=\"2020-08-03T10:15:25+00:00\" \/>\n<meta name=\"twitter:card\" content=\"summary_large_image\" \/>\n<script type=\"application\/ld+json\" class=\"yoast-schema-graph\">{\"@context\":\"https:\/\/schema.org\",\"@graph\":[{\"@type\":\"WebPage\",\"@id\":\"https:\/\/sebastiankalicinski.pl\/\",\"url\":\"https:\/\/sebastiankalicinski.pl\/\",\"name\":\"Do\u015bwiadczony pilot wycieczek - W\u0119gry, S\u0142owacja, Czechy, Polska, Ukraina\",\"isPartOf\":{\"@id\":\"https:\/\/sebastiankalicinski.pl\/#website\"},\"datePublished\":\"2017-05-09T10:06:33+00:00\",\"dateModified\":\"2020-08-03T10:15:25+00:00\",\"description\":\"Pilot wycieczek W\u0119gry, S\u0142owacja, Czechy, Austria. Kompleksowe us\u0142ugi pilota\u017cowe, rezerwacja hoteli. System Tour Guide Okayo WT 300n,\",\"breadcrumb\":{\"@id\":\"https:\/\/sebastiankalicinski.pl\/#breadcrumb\"},\"inLanguage\":\"pl-PL\",\"potentialAction\":[{\"@type\":\"ReadAction\",\"target\":[\"https:\/\/sebastiankalicinski.pl\/\"]}]},{\"@type\":\"BreadcrumbList\",\"@id\":\"https:\/\/sebastiankalicinski.pl\/#breadcrumb\",\"itemListElement\":[{\"@type\":\"ListItem\",\"position\":1,\"name\":\"Strona g\u0142\u00f3wna\",\"item\":\"https:\/\/sebastiankalicinski.pl\/\"},{\"@type\":\"ListItem\",\"position\":2,\"name\":\"Home\"}]},{\"@type\":\"WebSite\",\"@id\":\"https:\/\/sebastiankalicinski.pl\/#website\",\"url\":\"https:\/\/sebastiankalicinski.pl\/\",\"name\":\"Pilot Wycieczek Sebastian Kalici\u0144ski\",\"description\":\"Pilot Wycieczek\",\"potentialAction\":[{\"@type\":\"SearchAction\",\"target\":{\"@type\":\"EntryPoint\",\"urlTemplate\":\"https:\/\/sebastiankalicinski.pl\/?s={search_term_string}\"},\"query-input\":{\"@type\":\"PropertyValueSpecification\",\"valueRequired\":true,\"valueName\":\"search_term_string\"}}],\"inLanguage\":\"pl-PL\"}]}<\/script>\n<!-- \/ Yoast SEO plugin. -->","yoast_head_json":{"title":"Do\u015bwiadczony pilot wycieczek - W\u0119gry, S\u0142owacja, Czechy, Polska, Ukraina","description":"Pilot wycieczek W\u0119gry, S\u0142owacja, Czechy, Austria. Kompleksowe us\u0142ugi pilota\u017cowe, rezerwacja hoteli. System Tour Guide Okayo WT 300n,","robots":{"index":"index","follow":"follow","max-snippet":"max-snippet:-1","max-image-preview":"max-image-preview:large","max-video-preview":"max-video-preview:-1"},"canonical":"https:\/\/sebastiankalicinski.pl\/","og_locale":"pl_PL","og_type":"article","og_title":"Do\u015bwiadczony pilot wycieczek - W\u0119gry, S\u0142owacja, Czechy, Polska, Ukraina","og_description":"Pilot wycieczek W\u0119gry, S\u0142owacja, Czechy, Austria. Kompleksowe us\u0142ugi pilota\u017cowe, rezerwacja hoteli. System Tour Guide Okayo WT 300n,","og_url":"https:\/\/sebastiankalicinski.pl\/","og_site_name":"Sebastian Kalici\u0144ski","article_publisher":"https:\/\/www.facebook.com\/sebastiankalicinskipilotwycieczek\/","article_modified_time":"2020-08-03T10:15:25+00:00","twitter_card":"summary_large_image","schema":{"@context":"https:\/\/schema.org","@graph":[{"@type":"WebPage","@id":"https:\/\/sebastiankalicinski.pl\/","url":"https:\/\/sebastiankalicinski.pl\/","name":"Do\u015bwiadczony pilot wycieczek - W\u0119gry, S\u0142owacja, Czechy, Polska, Ukraina","isPartOf":{"@id":"https:\/\/sebastiankalicinski.pl\/#website"},"datePublished":"2017-05-09T10:06:33+00:00","dateModified":"2020-08-03T10:15:25+00:00","description":"Pilot wycieczek W\u0119gry, S\u0142owacja, Czechy, Austria. Kompleksowe us\u0142ugi pilota\u017cowe, rezerwacja hoteli. System Tour Guide Okayo WT 300n,","breadcrumb":{"@id":"https:\/\/sebastiankalicinski.pl\/#breadcrumb"},"inLanguage":"pl-PL","potentialAction":[{"@type":"ReadAction","target":["https:\/\/sebastiankalicinski.pl\/"]}]},{"@type":"BreadcrumbList","@id":"https:\/\/sebastiankalicinski.pl\/#breadcrumb","itemListElement":[{"@type":"ListItem","position":1,"name":"Strona g\u0142\u00f3wna","item":"https:\/\/sebastiankalicinski.pl\/"},{"@type":"ListItem","position":2,"name":"Home"}]},{"@type":"WebSite","@id":"https:\/\/sebastiankalicinski.pl\/#website","url":"https:\/\/sebastiankalicinski.pl\/","name":"Pilot Wycieczek Sebastian Kalici\u0144ski","description":"Pilot Wycieczek","potentialAction":[{"@type":"SearchAction","target":{"@type":"EntryPoint","urlTemplate":"https:\/\/sebastiankalicinski.pl\/?s={search_term_string}"},"query-input":{"@type":"PropertyValueSpecification","valueRequired":true,"valueName":"search_term_string"}}],"inLanguage":"pl-PL"}]}},"_links":{"self":[{"href":"https:\/\/sebastiankalicinski.pl\/index.php\/wp-json\/wp\/v2\/pages\/16"}],"collection":[{"href":"https:\/\/sebastiankalicinski.pl\/index.php\/wp-json\/wp\/v2\/pages"}],"about":[{"href":"https:\/\/sebastiankalicinski.pl\/index.php\/wp-json\/wp\/v2\/types\/page"}],"author":[{"embeddable":true,"href":"https:\/\/sebastiankalicinski.pl\/index.php\/wp-json\/wp\/v2\/users\/1"}],"replies":[{"embeddable":true,"href":"https:\/\/sebastiankalicinski.pl\/index.php\/wp-json\/wp\/v2\/comments?post=16"}],"version-history":[{"count":16,"href":"https:\/\/sebastiankalicinski.pl\/index.php\/wp-json\/wp\/v2\/pages\/16\/revisions"}],"predecessor-version":[{"id":696,"href":"https:\/\/sebastiankalicinski.pl\/index.php\/wp-json\/wp\/v2\/pages\/16\/revisions\/696"}],"wp:attachment":[{"href":"https:\/\/sebastiankalicinski.pl\/index.php\/wp-json\/wp\/v2\/media?parent=16"}],"curies":[{"name":"wp","href":"https:\/\/api.w.org\/{rel}","templated":true}]}}